{"id":52,"date":"2022-03-07T18:44:02","date_gmt":"2022-03-07T18:44:02","guid":{"rendered":"https:\/\/mc-view.erasmus.site\/?page_id=52"},"modified":"2022-06-17T11:04:19","modified_gmt":"2022-06-17T11:04:19","slug":"about-the-project","status":"publish","type":"page","link":"https:\/\/mc-view.erasmus.site\/pt\/about-the-project\/","title":{"rendered":"Projeto"},"content":{"rendered":"<p>Os <em>media<\/em> nunca foram t\u00e3o importantes como na sociedade de informa\u00e7\u00e3o atual. Eles permitem aos cidad\u00e3os de todas as idades navegar no contexto informativo moderno e tomar decis\u00f5es informadas. Como tal, apenas o dom\u00ednio da capacidade de verifica\u00e7\u00e3o da fiabilidade da informa\u00e7\u00e3o recebida pode assegurar aos cidad\u00e3os que estes utilizem os <em>media<\/em> de forma segura e para seu pr\u00f3prio benef\u00edcio. Consequentemente, o uso adequado das novas tecnologias depende de se conseguir atingir um n\u00edvel adequado de literacia nos <em>media<\/em>, dado que a desinforma\u00e7\u00e3o \u2013 a informa\u00e7\u00e3o falsa, inadequada ou enganadora \u2013 \u00e9 prejudicial aos cidad\u00e3os e \u00e0 sociedade. Existe, assim, a necessidade de se criar um conjunto de iniciativas que promovam a literacia nos <em>media<\/em> e ajudem a capacitar a sociedade com um elevado sentido cr\u00edtico na rece\u00e7\u00e3o e, tamb\u00e9m, transmiss\u00e3o de informa\u00e7\u00e3o.<\/p>\n<p>O projeto MC-VIEW desenvolve as ferramentas de aprendizagem necess\u00e1rias para apoiar a interpreta\u00e7\u00e3o e a verifica\u00e7\u00e3o da validade das informa\u00e7\u00f5es transmitidas pelos <em>media<\/em>, a reconhecer as for\u00e7as externas que as moldam e a responder ao seu potencial impacto, o que corresponde ao primeiro resultado do projeto. O segundo resultado do projeto \u00e9 uma plataforma digital com recurso a intelig\u00eancia artificial, que permite oferecer um percurso de aprendizagem individual e personalizado aos seus utilizadores, assegurando uma melhor qualidade do processo formativo.<\/p>\n<p>Neste seguimento, o principal objetivo do MC-VIEW \u00e9 contribuir para a forma\u00e7\u00e3o de adultos com baixas qualifica\u00e7\u00f5es em literacia para os <em>media<\/em>, bem como capacitar formadores nesta \u00e1rea. Este objetivo \u00e9 atingido atrav\u00e9s da produ\u00e7\u00e3o de recursos formativos sobre literacia para os <em>media<\/em>, visualiza\u00e7\u00e3o cr\u00edtica e consci\u00eancia digital e da cria\u00e7\u00e3o de uma plataforma digital que oferece um percurso formativo individual e personalizado.<\/p>\n<p>O principal p\u00fablico-alvo do MC-VIEW s\u00e3o adultos com baixas qualifica\u00e7\u00f5es, desempregados ou em risco de pobreza, assim como formadores da \u00e1rea da literacia para os <em>media<\/em>. Todas as atividades deste projeto tentam contribuir para a resolu\u00e7\u00e3o dos problemas e para a melhoria da situa\u00e7\u00e3o deste p\u00fablico-alvo. Al\u00e9m disso, o projeto cria as ferramentas necess\u00e1rias para que diversas institui\u00e7\u00f5es de apoio, tais como centros de forma\u00e7\u00e3o para adultos, institui\u00e7\u00f5es de seguran\u00e7a social, universidades s\u00e9niores, associa\u00e7\u00f5es de apoio a adultos em condi\u00e7\u00f5es de precariedade ou em contexto de exclus\u00e3o social, departamentos de educa\u00e7\u00e3o e forma\u00e7\u00e3o municipais e regionais e formadores possam usufruir e utilizar os diversos materiais de forma\u00e7\u00e3o e a plataforma digital para proveito dos seus benefici\u00e1rios. Para isso, s\u00e3o consideradas as seguintes principais \u00e1reas tem\u00e1ticas: pesquisa eficiente e organiza\u00e7\u00e3o de informa\u00e7\u00e3o; avalia\u00e7\u00e3o da fiabilidade das fontes de informa\u00e7\u00e3o; princ\u00edpios e formas de comunica\u00e7\u00e3o atrav\u00e9s dos <em>media<\/em>; constru\u00e7\u00e3o de imagem e a\u00e7\u00e3o em comunidades online; significado das palavras, imagens e sons.<\/p>","protected":false},"excerpt":{"rendered":"<p>Os media nunca foram t\u00e3o importantes como na sociedade de informa\u00e7\u00e3o atual. Eles permitem aos cidad\u00e3os de todas as idades navegar no contexto informativo moderno e tomar decis\u00f5es informadas. Como tal, apenas o dom\u00ednio da capacidade de verifica\u00e7\u00e3o da fiabilidade da informa\u00e7\u00e3o recebida pode assegurar aos cidad\u00e3os que estes utilizem os media de forma segura&hellip;&nbsp;<\/p>\n","protected":false},"author":1,"featured_media":0,"parent":0,"menu_order":0,"comment_status":"closed","ping_status":"closed","template":"","meta":{"neve_meta_sidebar":"","neve_meta_container":"","neve_meta_enable_content_width":"on","neve_meta_content_width":100,"neve_meta_title_alignment":"","neve_meta_author_avatar":"","neve_post_elements_order":"","neve_meta_disable_header":"","neve_meta_disable_footer":"","neve_meta_disable_title":"","footnotes":""},"class_list":["post-52","page","type-page","status-publish","hentry"],"_links":{"self":[{"href":"https:\/\/mc-view.erasmus.site\/pt\/wp-json\/wp\/v2\/pages\/52","targetHints":{"allow":["GET"]}}],"collection":[{"href":"https:\/\/mc-view.erasmus.site\/pt\/wp-json\/wp\/v2\/pages"}],"about":[{"href":"https:\/\/mc-view.erasmus.site\/pt\/wp-json\/wp\/v2\/types\/page"}],"author":[{"embeddable":true,"href":"https:\/\/mc-view.erasmus.site\/pt\/wp-json\/wp\/v2\/users\/1"}],"replies":[{"embeddable":true,"href":"https:\/\/mc-view.erasmus.site\/pt\/wp-json\/wp\/v2\/comments?post=52"}],"version-history":[{"count":12,"href":"https:\/\/mc-view.erasmus.site\/pt\/wp-json\/wp\/v2\/pages\/52\/revisions"}],"predecessor-version":[{"id":228,"href":"https:\/\/mc-view.erasmus.site\/pt\/wp-json\/wp\/v2\/pages\/52\/revisions\/228"}],"wp:attachment":[{"href":"https:\/\/mc-view.erasmus.site\/pt\/wp-json\/wp\/v2\/media?parent=52"}],"curies":[{"name":"wp","href":"https:\/\/api.w.org\/{rel}","templated":true}]}}