{"id":113,"date":"2022-03-07T19:16:56","date_gmt":"2022-03-07T19:16:56","guid":{"rendered":"https:\/\/mc-view.erasmus.site\/?page_id=113"},"modified":"2023-04-11T11:34:26","modified_gmt":"2023-04-11T11:34:26","slug":"project-partners","status":"publish","type":"page","link":"https:\/\/mc-view.erasmus.site\/pl\/project-partners\/","title":{"rendered":"Partnerzy projektu"},"content":{"rendered":"<p><\/p>\n<h3 style=\"text-align: center;\"><img fetchpriority=\"high\" decoding=\"async\" class=\"size-medium wp-image-78 aligncenter\" src=\"https:\/\/mc-view.erasmus.site\/wp-content\/uploads\/2022\/03\/ur-300x300.png\" alt=\"\" width=\"300\" height=\"300\" srcset=\"https:\/\/mc-view.erasmus.site\/wp-content\/uploads\/2022\/03\/ur.png 300w, https:\/\/mc-view.erasmus.site\/wp-content\/uploads\/2022\/03\/ur-150x150.png 150w\" sizes=\"(max-width: 300px) 100vw, 300px\" \/>Instytut Pedagogiki Uniwersytetu Rzeszowskiego &#8211; Rzesz\u00f3w, Polska (Koordynator)<\/h3>\n<p><strong>Uniwersytet Rzeszowski (UR)<\/strong> powsta\u0142 w 2001 roku z po\u0142\u0105czenia Wy\u017cszej Szko\u0142y Pedagogicznej, rzeszowskiej filii Uniwersytetu Marii Sk\u0142odowskiej Curie w Lublinie oraz Wydzia\u0142u Ekonomicznego Akademii Rolniczej w Krakowie, filia w Rzeszowie. Uczelnia jest m\u0142oda, otwarta i silna w swej r\u00f3\u017cnorodno\u015bci. Znajduje si\u0119 w Rzeszowie \u2013 stolicy wojew\u00f3dztwa podkarpackiego w po\u0142udniowo-wschodniej Polsce. Na Uniwersytecie dzia\u0142a 21 instytut\u00f3w w ramach 4 kolegi\u00f3w, oferuj\u0105cych kszta\u0142cenie na 59 kierunkach. Potencja\u0142 naukowo-dydaktyczny uczelni obejmuje 1300 nauczycieli akademickich. UR oferuje r\u00f3\u017cnorodne programy studi\u00f3w licencjackich, podyplomowych, doktoranckich, szkolenia specjalistyczne, szkolenia uzupe\u0142niaj\u0105ce i kszta\u0142cenie doros\u0142ych. UR ma ponad 16 000 student\u00f3w studi\u00f3w stacjonarnych i niestacjonarnych. Odgrywa wiod\u0105c\u0105 rol\u0119 w inicjowaniu i utrzymywaniu znacznych i szerokich kontakt\u00f3w naukowych, spo\u0142ecznych i kulturalnych z krajami s\u0105siednimi oraz partnerami ze Wsp\u00f3lnoty Europejskiej. Atutem uczelni jest bardzo rozwini\u0119ta wsp\u00f3\u0142praca mi\u0119dzynarodowa. UR wsp\u00f3\u0142pracuje z oko\u0142o 300 uczelniami partnerskimi z ca\u0142ego \u015bwiata, w tym 54 uczelniami z Ukrainy i 190 uczelniami partnerskimi w ramach programu Erasmus+. Studenci i kadra akademicka uczestnicz\u0105 w licznych sta\u017cach zagranicznych, konferencjach i obozach naukowych. UR realizuje ponad 30 projekt\u00f3w (mi\u0119dzynarodowych i krajowych), kt\u00f3rych celem jest wzmocnienie i rozw\u00f3j potencja\u0142u dydaktyczno-naukowego uczelni oraz zwi\u0119kszenie liczby absolwent\u00f3w kierunk\u00f3w o najwi\u0119kszym znaczeniu dla gospodarki opartej na wiedzy. W efekcie na uczelni powsta\u0142y liczne o\u015brodki naukowo-badawcze. Obecnie na uczelni dzia\u0142a 11 tego typu nowoczesnych o\u015brodk\u00f3w, prowadz\u0105cych r\u00f3\u017cnego rodzaju badania. Stanowi\u0105 one bez w\u0105tpienia wizyt\u00f3wk\u0119 regionu.<\/p>\n<p>Strona internetowa: <a href=\"http:\/\/ur.edu.pl\" target=\"_blank\" rel=\"noopener\">www.ur.edu.pl<\/a><\/p>\n<hr \/>\n<h3 style=\"text-align: center;\"><img decoding=\"async\" class=\"size-medium wp-image-99 aligncenter\" src=\"https:\/\/mc-view.erasmus.site\/wp-content\/uploads\/2022\/03\/cwep-300x300.png\" alt=\"\" width=\"300\" height=\"300\" srcset=\"https:\/\/mc-view.erasmus.site\/wp-content\/uploads\/2022\/03\/cwep.png 300w, https:\/\/mc-view.erasmus.site\/wp-content\/uploads\/2022\/03\/cwep-150x150.png 150w\" sizes=\"(max-width: 300px) 100vw, 300px\" \/>Centrum Wspierania Edukacji i Przedsi\u0119biorczo\u015bci &#8222;CWEP&#8221; &#8211; Rzesz\u00f3w, Polska<\/h3>\n<p>Centrum Wspierania Edukacji i Przedsi\u0119biorczo\u015bci (CWEP) &#8211; Polska Centrum Wspierania Edukacji i Przedsi\u0119biorczo\u015bci (CWEP) jest organizacj\u0105 pozarz\u0105dow\u0105 za\u0142o\u017con\u0105 w 2004 roku przez grup\u0119 przedsi\u0119biorc\u00f3w, nauczycieli i dzia\u0142aczy spo\u0142ecznych z Rzeszowa. CWEP wsp\u00f3\u0142pracuje z przedsi\u0119biorstwami i instytucjami edukacyjnymi. Misj\u0105 CWEP jest podnoszenie jako\u015bci kszta\u0142cenia na wszystkich poziomach i we wszystkich formach, a tak\u017ce promowanie przedsi\u0119biorczo\u015bci w celu wspierania integracji ka\u017cdej grupy spo\u0142ecznej, bez wzgl\u0119du na p\u0142e\u0107, wiek czy pochodzenie etniczne. W szczeg\u00f3lno\u015bci celem jest poprawa dost\u0119pno\u015bci, jako\u015bci i efektywno\u015bci kszta\u0142cenia wszystkich ludzi, promowanie i przyczynianie si\u0119 do rozwoju edukacji doros\u0142ych, uczenia si\u0119 przez ca\u0142e \u017cycie, e-learningu oraz wykorzystania nowych technologii w edukacji i przedsi\u0119biorczo\u015bci. Stowarzyszenie wsp\u00f3\u0142pracuje z wieloma partnerami z Europy w celu wzmocnienia pozycji gospodarczej przedsi\u0119biorstw oraz udost\u0119pnia platformy internetowe dla firm.<\/p>\n<p>Strona internetowa: <a href=\"http:\/\/www.cwep.eu\" target=\"_blank\" rel=\"noopener\">www.cwep.eu<\/a><\/p>\n<hr \/>\n<h3 style=\"text-align: center;\"><img decoding=\"async\" class=\"size-medium wp-image-83 aligncenter\" src=\"https:\/\/mc-view.erasmus.site\/wp-content\/uploads\/2022\/03\/mindshift-300x300.png\" alt=\"\" width=\"300\" height=\"300\" srcset=\"https:\/\/mc-view.erasmus.site\/wp-content\/uploads\/2022\/03\/mindshift.png 300w, https:\/\/mc-view.erasmus.site\/wp-content\/uploads\/2022\/03\/mindshift-150x150.png 150w\" sizes=\"(max-width: 300px) 100vw, 300px\" \/><br \/>\nMindshift Talent Advisory lda &#8211; Lizbona, Portugalia<\/h3>\n<p>Mindshift jest firm\u0105 konsultingow\u0105 specjalizuj\u0105c\u0105 si\u0119 w Human Resources, kt\u00f3ra inwestuje w wydajno\u015b\u0107 i podnoszenie kompetencji ludzi, d\u0105\u017c\u0105c do zwi\u0119kszenia dojrza\u0142o\u015bci cyfrowej i interpersonalnej w organizacjach i spo\u0142ecze\u0144stwie. Na poziomie krajowym, MINDSHIFT ma jako jednego ze swoich g\u0142\u00f3wnych partner\u00f3w The Key Talent Portugal, firm\u0119 HR Tech Consulting specjalizuj\u0105c\u0105 si\u0119 w Social Attraction i Ocenie Talent\u00f3w, kt\u00f3ra rozwija platformy, takie jak Panorama i AplyGo, kt\u00f3re pozwalaj\u0105 na optymalizacj\u0119, wdro\u017cenie i zarz\u0105dzanie cyfrowymi, zwinnymi i atrakcyjnymi procesami HR opartymi na analizie danych. Na poziomie europejskim jeste\u015bmy strategicznym partnerem w rozwoju projekt\u00f3w wsp\u00f3\u0142pracy ponadnarodowej, kt\u00f3rych celem jest tworzenie innowacyjnych rozwi\u0105za\u0144 w obszarze szkole\u0144 m\u0142odzie\u017cy i doros\u0142ych, w sze\u015bciu kluczowych obszarach: podnoszenie kwalifikacji i przekwalifikowanie, w\u0142\u0105czenie i zdolno\u015b\u0107 do zatrudnienia, zr\u00f3wnowa\u017cony rozw\u00f3j, wzmocnienie pozycji kobiet, przedsi\u0119biorczo\u015b\u0107 i kreatywno\u015b\u0107 oraz cyfrowe talenty. Mindshift jest silnie zaanga\u017cowany w realizacj\u0119 zasad odpowiedzialno\u015bci spo\u0142ecznej i Agendy 2030 na rzecz zr\u00f3wnowa\u017conego rozwoju, skupiaj\u0105c zesp\u00f3\u0142 pracownik\u00f3w z r\u00f3\u017cnych \u015brodowisk i o r\u00f3\u017cnym do\u015bwiadczeniu zawodowym.<\/p>\n<p>Strona internetowa: <a href=\"https:\/\/www.mindshift.pt\/\" target=\"_blank\" rel=\"noopener\">www.mindshift.pt\/<\/a><\/p>\n<p>Kontakt: <a href=\"mailto:geral@mindshift.pt\">geral@mindshift.pt<\/a><\/p>\n<hr \/>\n<h3 style=\"text-align: center;\"><img loading=\"lazy\" decoding=\"async\" class=\"alignnone size-medium wp-image-82 aligncenter\" src=\"https:\/\/mc-view.erasmus.site\/wp-content\/uploads\/2022\/03\/labc-300x300.png\" alt=\"\" width=\"300\" height=\"300\" srcset=\"https:\/\/mc-view.erasmus.site\/wp-content\/uploads\/2022\/03\/labc.png 300w, https:\/\/mc-view.erasmus.site\/wp-content\/uploads\/2022\/03\/labc-150x150.png 150w\" sizes=\"(max-width: 300px) 100vw, 300px\" \/><br \/>\n<strong>LABC S.R.L. \u2013 Turyn, W\u0142ochy<\/strong><\/h3>\n<p>LABC to firma z siedzib\u0105 w Turynie (IT). Celem LABC jest tworzenie przestrzeni do dzielenia si\u0119 do\u015bwiadczeniami przez profesjonalist\u00f3w w r\u00f3\u017cnych dziedzinach, ze szczeg\u00f3lnym uwzgl\u0119dnieniem edukacji, reintegracji na rynku pracy, kooperacji w grupie i zarz\u0105dzania projektami. LABC jest paneuropejsk\u0105 spo\u0142eczno\u015bci\u0105, kt\u00f3rej g\u0142\u00f3wnym mottem jest wsp\u00f3lne uczenie si\u0119, wymiana do\u015bwiadcze\u0144 i umiej\u0119tno\u015bci, aby jak najlepiej rozwija\u0107 wsp\u00f3\u0142prac\u0119 mi\u0119dzynarodow\u0105 pomi\u0119dzy zaanga\u017cowanymi podmiotami. LABC wspiera opracowywanie nowych praktyk i narz\u0119dzi s\u0142u\u017c\u0105cych do rozwoju psychologicznego, spo\u0142ecznego i edukacyjnego, a tak\u017ce pomaga je upowszechnia\u0107.<\/p>\n<p>LABC jest firm\u0105 szczeg\u00f3lnie aktywn\u0105 i do\u015bwiadczon\u0105 w:<\/p>\n<p># pracy opieku\u0144czej, budowaniu indywidualnego i \u015brodowiskowego dobrostanu poprzez szeroki zakres dzia\u0142a\u0144, jak sesje pracy grupowej, superwizje, szkolenia, doradztwo w zakresie zarz\u0105dzania, organizacj\u0119 wydarze\u0144 publicznych, wyk\u0142ad\u00f3w i seminari\u00f3w<\/p>\n<p># edukacji i badaniach, poprzez opracowywanie nowych sposob\u00f3w uczenia si\u0119 oraz wdra\u017canie materia\u0142\u00f3w szkoleniowych i narz\u0119dzi dedykowanych podnoszeniu \u015bwiadomo\u015bci odbiorc\u00f3w.<\/p>\n<p>Strona internetowa: <a href=\"http:\/\/www.labcentro.it\/\" target=\"_blank\" rel=\"noopener\">www.labcentro.it<\/a><\/p>\n<hr \/>\n<h3 style=\"text-align: center;\"><img loading=\"lazy\" decoding=\"async\" class=\"size-medium wp-image-79 aligncenter\" src=\"https:\/\/mc-view.erasmus.site\/wp-content\/uploads\/2022\/03\/fyg-300x300.png\" alt=\"\" width=\"300\" height=\"300\" srcset=\"https:\/\/mc-view.erasmus.site\/wp-content\/uploads\/2022\/03\/fyg.png 300w, https:\/\/mc-view.erasmus.site\/wp-content\/uploads\/2022\/03\/fyg-150x150.png 150w\" sizes=\"(max-width: 300px) 100vw, 300px\" \/><br \/>\n<strong>INSTALOFI LEVANTE S.L.<\/strong> z Walencji w Hiszpanii<\/h3>\n<p>(FyG Consultores) jest prywatnym podmiotem szkoleniowym, pionierem we wsp\u00f3\u0142pracy z firmami, doros\u0142ymi i m\u0142odzie\u017c\u0105 w zakresie szkole\u0144 dotycz\u0105cych innowacyjnych koncepcji, zak\u0142adania firm, podstawowych umiej\u0119tno\u015bci zwi\u0105zanych z zatrudnieniem, przedsi\u0119biorczo\u015bci oraz szkole\u0144 z zakresu kompetencji mi\u0119kkich i twardych. FyG dzia\u0142a aktywnie jako firma edukacyjna i szkoleniowa, promuj\u0105c i wzmacniaj\u0105c rozw\u00f3j os\u00f3b doros\u0142ych, dostrzegaj\u0105c nowe mo\u017cliwo\u015bci i pomagaj\u0105c im w zwi\u0119kszeniu szans na zatrudnienie. Ich oferta kierowana jest tak\u017ce do m\u0142odzie\u017cy i doros\u0142ych z trudno\u015bciami edukacyjnymi, bezrobotnych z barierami ekonomicznymi lub spo\u0142ecznymi. FyG ma do\u015bwiadczenie w prowadzeniu szerokiej gamy szkole\u0144 i program\u00f3w doradczych dla firm, przedsi\u0119biorc\u00f3w, start-up\u00f3w, a tak\u017ce dla os\u00f3b z grup defaworyzowanych. FyG dzia\u0142a jako instytucja \u015bwiadcz\u0105ca us\u0142ugi poradnictwa i doradztwa zawodowego a tak\u017ce po\u015brednictwa na rynku pracy dla os\u00f3b bezrobotnych. W ostatnich latach FyG opracowa\u0142a i wdro\u017cy\u0142a szereg europejskich projekt\u00f3w wsp\u00f3\u0142pracy mi\u0119dzynarodowej w ramach programu Erasmus+ i COSME, dotycz\u0105cych zak\u0142adania i prowadzenia firm, zwi\u0119kszania szans zatrudnienia, zarz\u0105dzania, szkole\u0144 dla start-up\u00f3w, internacjonalizacji, gamifikacji i innowacji w szkoleniach dla przedsi\u0119biorc\u00f3w.<\/p>\n<p>Strona internetowa: <a href=\"http:\/\/www.fygconsultores.com\/\" target=\"_blank\" rel=\"noopener\">www.fygconsultores.com<\/a><\/p>\n<hr \/>\n<p><img loading=\"lazy\" decoding=\"async\" class=\"size-medium wp-image-81 aligncenter\" src=\"https:\/\/mc-view.erasmus.site\/wp-content\/uploads\/2022\/03\/heraklion2-300x300.png\" alt=\"\" width=\"300\" height=\"300\" srcset=\"https:\/\/mc-view.erasmus.site\/wp-content\/uploads\/2022\/03\/heraklion2.png 300w, https:\/\/mc-view.erasmus.site\/wp-content\/uploads\/2022\/03\/heraklion2-150x150.png 150w\" sizes=\"(max-width: 300px) 100vw, 300px\" \/><\/p>\n<h3 style=\"text-align: center;\"><strong>HERAKLION MUNICIPALITY<\/strong> &#8211; Grecja<\/h3>\n<p>Heraklion jest stolic\u0105 wyspy Kreta oraz jednym z najbardziej fascynuj\u0105cych i t\u0119tni\u0105cych \u017cyciem miast regionu \u015br\u00f3dziemnomorskiego. Chandax dla Arab\u00f3w i Bizantyjczyk\u00f3w, Candia dla Wenecjan, by\u0142 jednym z g\u0142\u00f3wnych port\u00f3w i rynk\u00f3w na wyspie oraz jednym z najbardziej aktywnych ekonomicznie miast w regionie. Heraklion jest czwartym co do wielko\u015bci miastem w Grecji. Zgodnie z wynikami spisu powszechnego z 2011 roku, populacja miasta wynosi 173 993 mieszka\u0144c\u00f3w, a jego powierzchnia to 684,3 km2. Urz\u0105d Miasta Heraklion zatrudnia 751 pracownik\u00f3w. Miasto to zosta\u0142o wybrane przez Intelligent Community Forum jako jedna ze Spo\u0142eczno\u015bci Smart21 w latach 2012, 2013 i 2014 oraz otrzyma\u0142o wyr\u00f3\u017cnienie i drug\u0105 nagrod\u0119 europejsk\u0105 w konkursie Dosta!-Congress Prize za wdro\u017cenie programu miejskiego w zakresie \u015bwiadczenia us\u0142ug zwi\u0105zanych ze spo\u0142eczn\u0105 inkluzj\u0105 i przeciwdzia\u0142aniem dyskryminacji. Ponadto Heraklion zosta\u0142 nominowany do nagrody the Best City Destination i zdoby\u0142 g\u0142\u00f3wn\u0105 nagrod\u0119 (the Gold Award Winner) w konkursie Greek Travel Awards w Sztokholmie, a tak\u017ce zosta\u0142 laureatem nagrody UNESCO dla miast ucz\u0105cych si\u0119 w 2019 r. za program &#8222;Fit for All&#8221;, w ramach kt\u00f3rego zaproponowa\u0142 innowacyjny i interesuj\u0105cy spos\u00f3b na zbli\u017cenie do siebie mieszka\u0144c\u00f3w i uchod\u017ac\u00f3w przebywaj\u0105cych w mie\u015bcie, promuj\u0105c r\u00f3wno\u015b\u0107 i integracj\u0119 poprzez zaj\u0119cia sportowe i edukacyjne oparte na takich tematach, jak lokalna kultura i tradycja.<\/p>\n<p>Heraklion w ramach projektu &#8222;Inteligentne miasto&#8221; (ICC) od wielu lat opracowuje i wdra\u017ca strategi\u0119 inteligentnego miasta, aby sta\u0107 si\u0119 bardziej konkurencyjnym o\u015brodkiem miejskim w kraju, w\u015br\u00f3d pa\u0144stw basenu Morza \u015ar\u00f3dziemnomorskiego oraz w Europie. Strategia ta opiera si\u0119 na kilku kluczowych filarach konkurencyjno\u015bci, do kt\u00f3rych nale\u017c\u0105: specjalizacja gospodarki i si\u0142y roboczej, wyznaczenie cel\u00f3w strategicznych i wsp\u00f3lne zarz\u0105dzanie nimi, wsp\u00f3\u0142praca z instytucjami edukacyjnymi i FORTH, podnoszenie jako\u015bci \u017cycia w \u015brodowisku miejskim, rozw\u00f3j infrastruktury transportowej i telekomunikacyjnej. Heraklion w roku 2020 znalaz\u0142 si\u0119 na li\u015bcie 100 inteligentnych miast sieci Challenge (ICC). Zosta\u0142 tak\u017ce zakwalifikowany do dalszego udzia\u0142u w tym projekcie (ICC) na kolejne 2 lata. W grupie tej znajduj\u0105 si\u0119 54 nowe wnioski ICC, 26 miast uczestnicz\u0105cych w inicjatywie Digital Cities Challenge oraz 9 miast mentor\u00f3w z UE. Wybrano dziewi\u0119\u0107 kolejnych o\u015brodk\u00f3w mi\u0119dzynarodowych, kt\u00f3re uzupe\u0142ni\u0105 list\u0119 100 miast i wezm\u0105 udzia\u0142 w projekcie ICC.<\/p>\n<p>W marcu 2011 r. w\u0142adze miasta Heraklion podpisa\u0142y Porozumienie Burmistrz\u00f3w, kt\u00f3re jest ambitn\u0105 inicjatyw\u0105 maj\u0105c\u0105 na celu zaanga\u017cowanie w\u0142adz lokalnych i obywateli w zmniejszanie zu\u017cycia energii, oszcz\u0119dzanie zasob\u00f3w i popraw\u0119 jako\u015bci \u017cycia mieszka\u0144c\u00f3w. We wrze\u015bniu 2020 roku Heraklion przedstawi\u0142 zaktualizowany plan dzia\u0142ania w ramach Porozumienia Burmistrz\u00f3w na rzecz Klimatu i Energii w Europie. Miasto stawia sobie za cel utorowanie drogi do zr\u00f3wnowa\u017conego rozwoju, a tym samym zr\u00f3wnowa\u017conej przysz\u0142o\u015bci dla wszystkich. W zwi\u0105zku z tym podejmowane przez miasto dzia\u0142ania uwzgl\u0119dniaj\u0105 interwencje w kluczowych sektorach, takich jak budownictwo, transport, o\u015bwietlenie itp. Przyj\u0119ty plan przewiduje remonty kapitalne budynk\u00f3w publicznych (Plan Efektywno\u015bci Energetycznej Budynk\u00f3w Publicznych uko\u0144czony w 2019 roku), modernizacj\u0119 miejskiej floty transportowej i projekty zwi\u0105zane z usprawnieniem ruchu drogowego (Plan Zr\u00f3wnowa\u017conego Transportu Miejskiego, tbc w 2021 roku), projekty zwi\u0105zane z Odnawialnymi \u0179r\u00f3d\u0142ami Energii (OZE) &#8211; \u00a0(Wsp\u00f3lnota Energetyczna tbc w 2021 roku). Przyjmuj\u0105c konserwatywny scenariusz rozwoju populacji, szacuje si\u0119, \u017ce przewidziane dzia\u0142ania doprowadz\u0105 do zmniejszenia emisji CO2 na mieszka\u0144ca o 40,2% do 2030 roku. W dziedzinie edukacji w\u0142a\u015bciwy wydzia\u0142 Urz\u0119du Miasta realizuje wiele dzia\u0142a\u0144 na wszystkich poziomach kszta\u0142cenia, w tym zwi\u0105zanych z kszta\u0142ceniem doros\u0142ych poprzez Centrum Kszta\u0142cenia Ustawicznego. Dyrekcja Planowania, Programowania i Technologii Informatycznych Urz\u0119du Miasta Heraklion, za po\u015brednictwem Centrum Szkoleniowego Wydzia\u0142u Informatyki, oferuje seminaria szkoleniowe z zakresu nowych technologii dla pracownik\u00f3w Urz\u0119du Miasta oraz dla os\u00f3b bezrobotnych, natomiast nowo utworzona struktura &#8222;Dimoskopio&#8221; ma na celu wspieranie zak\u0142adania nowych firm poprzez oferowanie szkole\u0144 w zakresie ich rozwoju i trwa\u0142o\u015bci.<\/p>\n<p>Strona internetowa: \u00a0<a href=\"https:\/\/www.heraklion.gr\/\" target=\"_blank\" rel=\"noopener\">www.heraklion.gr\/<\/a><\/p>\n<p><a href=\"https:\/\/smartcity.heraklion.gr\/el\/home\/\" target=\"_blank\" rel=\"noopener\">www.smartcity.heraklion.gr\/el\/home\/<\/a><\/p>","protected":false},"excerpt":{"rendered":"<p>Instytut Pedagogiki Uniwersytetu Rzeszowskiego &#8211; Rzesz\u00f3w, Polska (Koordynator) Uniwersytet Rzeszowski (UR) powsta\u0142 w 2001 roku z po\u0142\u0105czenia Wy\u017cszej Szko\u0142y Pedagogicznej, rzeszowskiej filii Uniwersytetu Marii Sk\u0142odowskiej Curie w Lublinie oraz Wydzia\u0142u Ekonomicznego Akademii Rolniczej w Krakowie, filia w Rzeszowie. Uczelnia jest m\u0142oda, otwarta i silna w swej r\u00f3\u017cnorodno\u015bci. Znajduje si\u0119 w Rzeszowie \u2013 stolicy wojew\u00f3dztwa podkarpackiego&hellip;&nbsp;<\/p>\n","protected":false},"author":1,"featured_media":0,"parent":0,"menu_order":0,"comment_status":"closed","ping_status":"closed","template":"","meta":{"neve_meta_sidebar":"","neve_meta_container":"","neve_meta_enable_content_width":"off","neve_meta_content_width":100,"neve_meta_title_alignment":"","neve_meta_author_avatar":"","neve_post_elements_order":"","neve_meta_disable_header":"","neve_meta_disable_footer":"","neve_meta_disable_title":"","footnotes":""},"class_list":["post-113","page","type-page","status-publish","hentry"],"_links":{"self":[{"href":"https:\/\/mc-view.erasmus.site\/pl\/wp-json\/wp\/v2\/pages\/113","targetHints":{"allow":["GET"]}}],"collection":[{"href":"https:\/\/mc-view.erasmus.site\/pl\/wp-json\/wp\/v2\/pages"}],"about":[{"href":"https:\/\/mc-view.erasmus.site\/pl\/wp-json\/wp\/v2\/types\/page"}],"author":[{"embeddable":true,"href":"https:\/\/mc-view.erasmus.site\/pl\/wp-json\/wp\/v2\/users\/1"}],"replies":[{"embeddable":true,"href":"https:\/\/mc-view.erasmus.site\/pl\/wp-json\/wp\/v2\/comments?post=113"}],"version-history":[{"count":17,"href":"https:\/\/mc-view.erasmus.site\/pl\/wp-json\/wp\/v2\/pages\/113\/revisions"}],"predecessor-version":[{"id":271,"href":"https:\/\/mc-view.erasmus.site\/pl\/wp-json\/wp\/v2\/pages\/113\/revisions\/271"}],"wp:attachment":[{"href":"https:\/\/mc-view.erasmus.site\/pl\/wp-json\/wp\/v2\/media?parent=113"}],"curies":[{"name":"wp","href":"https:\/\/api.w.org\/{rel}","templated":true}]}}