{"id":52,"date":"2022-03-07T18:44:02","date_gmt":"2022-03-07T18:44:02","guid":{"rendered":"https:\/\/mc-view.erasmus.site\/?page_id=52"},"modified":"2022-06-17T11:04:19","modified_gmt":"2022-06-17T11:04:19","slug":"about-the-project","status":"publish","type":"page","link":"https:\/\/mc-view.erasmus.site\/it\/about-the-project\/","title":{"rendered":"Il Progetto"},"content":{"rendered":"<p>I media non sono mai stati cos\u00ec importanti come nella societ\u00e0 di oggi: permettono ai cittadini di tutte le et\u00e0 di conoscere notizie di attualit\u00e0 e di prendere decisioni informate. In realt\u00e0 solo una buona padronanza della capacit\u00e0 di verificare le informazioni acquisite garantisce una fruizione utile, che significa utilizzare i media in modo da cambiare le proprie motivazioni e migliorare le proprie possibilit\u00e0 di vita. L&#8217;uso efficace e appropriato delle nuove tecnologie dipende dal livello di competenza raggiunto in quest\u2019 ambito, dal momento che la disinformazione, in quanto basata su notizie false, imprecise o fuorvianti, pu\u00f2 causare un danno alla collettivit\u00e0. Per questo c&#8217;\u00e8 bisogno di iniziative specifiche di alfabetizzazione mediatica che favoriscano la capacit\u00e0 di pensare criticamente e di riconoscere la disinformazione.<\/p>\n<p>Questo progetto intende sviluppare gli strumenti che aiuteranno il gruppo target a valutare il contenuto interno di un programma, a interpretare la costruzione interna della cornice, a riconoscere le forze esterne e i fattori che modellano il programma, a confrontare le rappresentazioni dei media con la realt\u00e0 e a rispondere al potenziale impatto della forma e del contenuto televisivo. Per questo \u00e8 necessaria un&#8217;azione sistemica, insieme a un supporto per gli adulti e per i loro educatori, e in questo contesto il progetto \u00e8 innovativo per l&#8217;intero partenariato.<\/p>\n<p>Il secondo risultato del progetto &#8211; il Training Center online per l\u2019alfabetizzazione mediatica personalizzata &#8211; funzioner\u00e0 a partire da un insieme di meccanismi e algoritmi guidati dall&#8217;intelligenza artificiale che, tramite la sessione di profiling, saranno in grado di organizzare l&#8217;intero contenuto del corso in un modo che sia il pi\u00f9 efficace possibile in relazione ad ogni utente. Questo dar\u00e0 la possibilit\u00e0 di creare percorsi di apprendimento individuali e su misura, garantendo cos\u00ec una migliore qualit\u00e0 del processo di apprendimento. Invece di puntare su materiali formativi di lunga durata e progressivi, qui il contenuto proposto per l\u2019apprendimento sar\u00e0 articolato in azioni facili da comprendere e da mettere in pratica.<\/p>\n<p>L&#8217;obiettivo principale del progetto #McView \u00e8 quello di promuovere l&#8217;educazione degli adulti e migliorare l&#8217;alfabetizzazione mediatica incoraggiando la Critical Viewing tra le persone con minori opportunit\u00e0 (adulti poco qualificati, giovani disoccupati, adulti a rischio povert\u00e0, ecc.). Gli obiettivi di progetto saranno raggiunti attraverso lo sviluppo del materiale del corso di formazione MC-VIEW (PR1), che approfondir\u00e0 tre aree principali: Alfabetizzazione alla comunicazione con i media, Critical Viewing e Consapevolezza digitale; &#8211; Training Center online per l\u2019alfabetizzazione mediatica personalizzata MC-VIEW &#8220;Approccio individuale all&#8217;alfabetizzazione mediatica nell&#8217;ambiente digitale&#8221; (PR2).<\/p>\n<p>Il gruppo target del progetto McView \u00e8 costituito dai membri dei gruppi svantaggiati (persone poco qualificate, disoccupati, adulti a rischio povert\u00e0, ecc.) e dagli educatori degli adulti.<br \/>\nTutte le attivit\u00e0 del progetto saranno orientate a risolvere i problemi e a migliorare la condizione di questo gruppo target.<br \/>\nInoltre, il progetto intende creare strumenti per le istituzioni che aiutano e si prendono cura degli adulti svantaggiati, come i centri di educazione per adulti, le istituzioni di welfare, le scuole per adulti, le universit\u00e0 della terza et\u00e0, le associazioni che supportano gli adulti svantaggiati e che contrastano l&#8217;esclusione sociale, i servizi educativi locali e regionali autonomi e gli educatori degli adulti.<br \/>\nSaranno affrontate le seguenti aree tematiche: ricerca e organizzazione efficiente delle informazioni, valutazione dell&#8217;affidabilit\u00e0 delle fonti, principi e forme della comunicazione mediatica, costruzione dell\u2019immagine e azione nelle comunit\u00e0 online, il significato delle parole, delle immagini e dei suoni.<\/p>","protected":false},"excerpt":{"rendered":"<p>I media non sono mai stati cos\u00ec importanti come nella societ\u00e0 di oggi: permettono ai cittadini di tutte le et\u00e0 di conoscere notizie di attualit\u00e0 e di prendere decisioni informate. In realt\u00e0 solo una buona padronanza della capacit\u00e0 di verificare le informazioni acquisite garantisce una fruizione utile, che significa utilizzare i media in modo da&hellip;&nbsp;<\/p>\n","protected":false},"author":1,"featured_media":0,"parent":0,"menu_order":0,"comment_status":"closed","ping_status":"closed","template":"","meta":{"neve_meta_sidebar":"","neve_meta_container":"","neve_meta_enable_content_width":"on","neve_meta_content_width":100,"neve_meta_title_alignment":"","neve_meta_author_avatar":"","neve_post_elements_order":"","neve_meta_disable_header":"","neve_meta_disable_footer":"","neve_meta_disable_title":"","footnotes":""},"class_list":["post-52","page","type-page","status-publish","hentry"],"_links":{"self":[{"href":"https:\/\/mc-view.erasmus.site\/it\/wp-json\/wp\/v2\/pages\/52","targetHints":{"allow":["GET"]}}],"collection":[{"href":"https:\/\/mc-view.erasmus.site\/it\/wp-json\/wp\/v2\/pages"}],"about":[{"href":"https:\/\/mc-view.erasmus.site\/it\/wp-json\/wp\/v2\/types\/page"}],"author":[{"embeddable":true,"href":"https:\/\/mc-view.erasmus.site\/it\/wp-json\/wp\/v2\/users\/1"}],"replies":[{"embeddable":true,"href":"https:\/\/mc-view.erasmus.site\/it\/wp-json\/wp\/v2\/comments?post=52"}],"version-history":[{"count":12,"href":"https:\/\/mc-view.erasmus.site\/it\/wp-json\/wp\/v2\/pages\/52\/revisions"}],"predecessor-version":[{"id":228,"href":"https:\/\/mc-view.erasmus.site\/it\/wp-json\/wp\/v2\/pages\/52\/revisions\/228"}],"wp:attachment":[{"href":"https:\/\/mc-view.erasmus.site\/it\/wp-json\/wp\/v2\/media?parent=52"}],"curies":[{"name":"wp","href":"https:\/\/api.w.org\/{rel}","templated":true}]}}