{"id":113,"date":"2022-03-07T19:16:56","date_gmt":"2022-03-07T19:16:56","guid":{"rendered":"https:\/\/mc-view.erasmus.site\/?page_id=113"},"modified":"2023-04-11T11:34:26","modified_gmt":"2023-04-11T11:34:26","slug":"project-partners","status":"publish","type":"page","link":"https:\/\/mc-view.erasmus.site\/it\/project-partners\/","title":{"rendered":"Partner"},"content":{"rendered":"<p><\/p>\n<h3 style=\"text-align: center;\"><img fetchpriority=\"high\" decoding=\"async\" class=\"size-medium wp-image-78 aligncenter\" src=\"https:\/\/mc-view.erasmus.site\/wp-content\/uploads\/2022\/03\/ur-300x300.png\" alt=\"\" width=\"300\" height=\"300\" srcset=\"https:\/\/mc-view.erasmus.site\/wp-content\/uploads\/2022\/03\/ur.png 300w, https:\/\/mc-view.erasmus.site\/wp-content\/uploads\/2022\/03\/ur-150x150.png 150w\" sizes=\"(max-width: 300px) 100vw, 300px\" \/>Institute of Pedagogy University of Rzesz\u00f3w &#8211; Rzesz\u00f3w, Poland (Coordinator)<\/h3>\n<p>L&#8217;Universit\u00e0 di Rzesz\u00f3w (UR) \u00e8 stata fondata nel 2001 attraverso la fusione dell&#8217;Universit\u00e0 Pedagogica di Rzeszow, l&#8217;Universit\u00e0 Maria Sk\u0142odowska Curie di Lublino, distaccamento di Rzesz\u00f3w, e la Facolt\u00e0 di Economia dell&#8217;Accademia Agricola di Cracovia, distaccamento di Rzesz\u00f3w.\u00a0 \u00c8 giovane, aperta e la variet\u00e0 \u00e8 uno dei suoi punti di forza. Si trova a Rzesz\u00f3w \u2013 il capoluogo della provincia di Podkarpackie, nel sud-est della Polonia. Nell&#8217;Universit\u00e0 ci sono 21 istituti all&#8217;interno di 4 college, che offrono percorsi in 59 campi di studio. Il potenziale accademico e di insegnamento dell&#8217;universit\u00e0 comprende 1.300 insegnanti. L&#8217;UR offre una variet\u00e0 di corsi di laurea, lauree magistrali, dottorati, formazione specialistica, formazione supplementare e istruzione per gli adulti. L&#8217;UR ha pi\u00f9 di 16mila studenti tra tempo pieno e part-time. Il ruolo principale dell\u2019UR \u00e8 avviare e mantenere contatti scientifici, sociali e culturali intensi e importanti con i paesi vicini e i partner della Comunit\u00e0 Europea. La risorsa dell&#8217;universit\u00e0 \u00e8 la sua sviluppatissima cooperazione internazionale. Essa coopera infatti con circa 300 universit\u00e0 di tutto il mondo, comprese 54 dell&#8217;Ucraina e 190 incluse nel programma Erasmus+. Gli studenti e il personale accademico partecipano a molti stage all&#8217;estero, conferenze e campus di ricerca. La UR lavora alla realizzazione di pi\u00f9 di 30 progetti (nazionali e internazionali), il cui scopo \u00e8 il rafforzamento e lo sviluppo del potenziale didattico e scientifico dell&#8217;universit\u00e0, oltre all&#8217;aumento del numero di laureati nelle discipline di maggiore importanza in un&#8217;economia basata sulla conoscenza.<\/p>\n<p>Come risultato sono stati creati numerosi centri scientifici e di ricerca nell&#8217;universit\u00e0. Attualmente nella struttura ci sono 11 centri scientifici e di ricerca all\u2019avanguardia, preposti a diversi tipi di ricerca. Essi rappresentano senza dubbio il fiore all&#8217;occhiello della regione.<\/p>\n<p>Website: <a href=\"http:\/\/ur.edu.pl\" target=\"_blank\" rel=\"noopener\">www.ur.edu.pl<\/a><\/p>\n<hr \/>\n<h3 style=\"text-align: center;\"><img decoding=\"async\" class=\"size-medium wp-image-99 aligncenter\" src=\"https:\/\/mc-view.erasmus.site\/wp-content\/uploads\/2022\/03\/cwep-300x300.png\" alt=\"\" width=\"300\" height=\"300\" srcset=\"https:\/\/mc-view.erasmus.site\/wp-content\/uploads\/2022\/03\/cwep.png 300w, https:\/\/mc-view.erasmus.site\/wp-content\/uploads\/2022\/03\/cwep-150x150.png 150w\" sizes=\"(max-width: 300px) 100vw, 300px\" \/>Centre for Supporting Education and Entrepreneurship \u201cCWEP\u201d \u2013 Rzesz\u00f3w, Polonia<\/h3>\n<p>Centre For Education And Entrepreneurship Support (CWEP) \u00e8 un\u2019organizzazione non governativa fondata nel 2004 da un gruppo di imprenditori, insegnanti e attivisti sociali di Rzeszow. CWEP coopera con le imprese e le istituzioni educative. La missione di CWEP \u00e8 quella di aumentare la qualit\u00e0 della formazione scolastica a tutti i livelli e in tutte le sue forme, nonch\u00e9 di promuovere l\u2019imprenditorialit\u00e0 al fine di favorire l\u2019integrazione di qualsiasi gruppo sociale senza distinzione di sesso, et\u00e0 e origine etnica. L\u2019obiettivo di CWEP \u00e8 quello di promuovere e implementare le migliori soluzioni che servono a questo scopo. In particolare, i suoi obiettivi consistono nel migliorare l\u2019accessibilit\u00e0, la qualit\u00e0 e l\u2019efficienza dell\u2019educazione di tutte le persone, nel promuovere e contribuire all\u2019educazione degli adulti, all\u2019apprendimento permanente, all\u2019e-learning e all\u2019uso delle nuove tecnologie nell\u2019educazione e nell\u2019imprenditorialit\u00e0. L\u2019associazione lavora con molti partner europei per rafforzare la posizione economica delle imprese e fornisce una piattaforma on-line per le aziende.<\/p>\n<p>Website: <a href=\"http:\/\/www.cwep.eu\" target=\"_blank\" rel=\"noopener\">www.cwep.eu<\/a><\/p>\n<hr \/>\n<h3 style=\"text-align: center;\"><img decoding=\"async\" class=\"size-medium wp-image-83 aligncenter\" src=\"https:\/\/mc-view.erasmus.site\/wp-content\/uploads\/2022\/03\/mindshift-300x300.png\" alt=\"\" width=\"300\" height=\"300\" srcset=\"https:\/\/mc-view.erasmus.site\/wp-content\/uploads\/2022\/03\/mindshift.png 300w, https:\/\/mc-view.erasmus.site\/wp-content\/uploads\/2022\/03\/mindshift-150x150.png 150w\" sizes=\"(max-width: 300px) 100vw, 300px\" \/><br \/>\nMindshift Talent Advisory lda \u2013 Lisbona, Portogallo<\/h3>\n<p>Mindshift \u00e8 una societ\u00e0 di consulenza specializzata in Risorse Umane che investe nella performance e nell&#8217;upskilling delle persone, cercando di aumentare la maturit\u00e0 digitale e interpersonale nelle organizzazioni e nella societ\u00e0.<\/p>\n<p>A livello nazionale, MINDSHIFT ha tra i suoi partner principali The Key Talent Portugal, una HR Tech Consulting specializzata in Social Attraction e Talent Assessment che sviluppa piattaforme, come Panorama e AplyGo, che permettono di ottimizzare, applicare e gestire processi HR digitali, agili e accattivanti basati sull&#8217;analisi dei dati.<\/p>\n<p>A livello europeo, \u00e8 un partner strategico per lo sviluppo di progetti di cooperazione transnazionale volti a creare soluzioni innovative nell&#8217;area della formazione dei giovani e degli adulti, in sei aree chiave: upskilling &amp; reskilling, inclusione e occupabilit\u00e0, sviluppo sostenibile, emancipazione femminile, imprenditorialit\u00e0 e creativit\u00e0, e talento digitale.<\/p>\n<p>Mindshift \u00e8 fortemente impegnata nei principi di responsabilit\u00e0 sociale e nell&#8217;Agenda 2030 per lo sviluppo sostenibile, e riunisce un team di professionisti con diversi background ed esperienze professionali.<\/p>\n<p>Website: <a href=\"https:\/\/www.mindshift.pt\/\" target=\"_blank\" rel=\"noopener\">www.mindshift.pt\/<\/a><\/p>\n<p>Contact: <a href=\"mailto:geral@mindshift.pt\">geral@mindshift.pt<\/a><\/p>\n<hr \/>\n<h3 style=\"text-align: center;\"><img loading=\"lazy\" decoding=\"async\" class=\"alignnone size-medium wp-image-82 aligncenter\" src=\"https:\/\/mc-view.erasmus.site\/wp-content\/uploads\/2022\/03\/labc-300x300.png\" alt=\"\" width=\"300\" height=\"300\" srcset=\"https:\/\/mc-view.erasmus.site\/wp-content\/uploads\/2022\/03\/labc.png 300w, https:\/\/mc-view.erasmus.site\/wp-content\/uploads\/2022\/03\/labc-150x150.png 150w\" sizes=\"(max-width: 300px) 100vw, 300px\" \/><br \/>\nLABC S.R.L. \u2013 Torino, Italia<\/h3>\n<p>LABC \u00e8 una societ\u00e0 con sede a Torino (IT). \u00a0LABC \u00e8 una comunit\u00e0 di apprendimento, con l\u2019obiettivo di condividere e costruire l\u2019esperienza di professionisti nel campo del benessere individuale e comunitario, del lavoro di gruppo, dell\u2019educazione e della formazione, del reinserimento nel mercato del lavoro, del project management.<\/p>\n<p>LABC si arricchisce di collaborazioni paneuropee, adottando e promuovendo i principi di:<\/p>\n<p>#Apprendimento collaborativo: scambiamo, miglioriamo e condividiamo esperienze, risorse e competenze, al fine di ottimizzare le collaborazioni internazionali e intermodali, lo sviluppo e il trasferimento di metodologie e prassi<\/p>\n<p>#Generativit\u00e0: stabiliamo, sosteniamo e guidiamo la capacit\u00e0 di creare, generare e produrre nuovi strumenti, modelli e prassi psicologiche, sociali ed educative, con l\u2019obiettivo di diffonderle liberamente nella comunit\u00e0<\/p>\n<p>LABC \u00e8 attiva ed esperta in:<\/p>\n<p># lavoro di cura, benessere individuale e comunitario, attraverso una vasta gamma di attivit\u00e0, tra cui sessioni di lavoro di gruppo, supervisioni, formazione, consulenza sulla gestione, organizzazione di eventi pubblici, conferenze e seminari;<\/p>\n<p># Educazione e Ricerca, attraverso la progettazione di metodologie di apprendimento e la realizzazione di materiali e strumenti formativi dedicati a migliorare la consapevolezza dei partecipanti e dei destinatari su temi di particolare interesse in ambito psicologico, educativo, sociale e ambientale.<\/p>\n<p>&nbsp;<\/p>\n<p>Website:\u00a0<a href=\"http:\/\/www.labcentro.it\/\" target=\"_blank\" rel=\"noopener\">www.labcentro.it<\/a><\/p>\n<hr \/>\n<h3 style=\"text-align: center;\"><img loading=\"lazy\" decoding=\"async\" class=\"size-medium wp-image-79 aligncenter\" src=\"https:\/\/mc-view.erasmus.site\/wp-content\/uploads\/2022\/03\/fyg-300x300.png\" alt=\"\" width=\"300\" height=\"300\" srcset=\"https:\/\/mc-view.erasmus.site\/wp-content\/uploads\/2022\/03\/fyg.png 300w, https:\/\/mc-view.erasmus.site\/wp-content\/uploads\/2022\/03\/fyg-150x150.png 150w\" sizes=\"(max-width: 300px) 100vw, 300px\" \/><br \/>\nINSTALOFI LEVANTE SL \u2013 Valencia, Spagna<\/h3>\n<p>Instalofi Levante S.L. (FyG Consultores) \u00e8 una societ\u00e0 privata che si occupa di formazione ad alto livello, pioniera nella co-progettazione con aziende, adulti e giovani nella formazione su concetti innovativi, creazione di imprese, competenze di base per l&#8217;occupabilit\u00e0, alfabetizzazione e capacit\u00e0 di calcolo, imprenditorialit\u00e0, formazione e sviluppo di competenze soft e hard.<\/p>\n<p>FyG \u00e8 attiva nel settore dell\u2019istruzione e formazione, promuovendo e valorizzando lo sviluppo formativo degli adulti, grazie alla ricerca di opportunit\u00e0 che supportano l\u2019occupabilit\u00e0, analizzando i diversi fattori fonte di esclusione dal mercato del lavoro e indirizzandosi a giovani e adulti con difficolt\u00e0 educative, e a disoccupati con problemi economici o sociali.<\/p>\n<p>FyG ha esperienza nella gestione di una vasta gamma di corsi di formazione e programmi di mentoring per aziende, imprenditori, Start-Up, indirizzati anche a persone che appartengono a gruppi svantaggiati. Si occupa di orientamento e consulenza professionale, fornisce informazioni che supportano l\u2019inserimento lavorativo, si occupa di intermediazione lavorativa per persone disoccupate\u00a0fornendo servizi quali l\u2019orientamento, la formazione, la valutazione e l\u2019informazione.<\/p>\n<p>Negli ultimi anni, FyG ha sviluppato e implementato una serie di progetti di cooperazione internazionale europea con il programma Erasmus + e COSME, occupandosi di creazione e sviluppo d\u2019impresa, occupabilit\u00e0, gestione, formazione Start Up, internazionalizzazione, Gamification e Innovazione nella formazione di tipo Imprenditoriale.<\/p>\n<p>Website:\u00a0<a href=\"http:\/\/www.fygconsultores.com\/\" target=\"_blank\" rel=\"noopener\">www.fygconsultores.com<\/a><\/p>\n<hr \/>\n<p><img loading=\"lazy\" decoding=\"async\" class=\"size-medium wp-image-81 aligncenter\" src=\"https:\/\/mc-view.erasmus.site\/wp-content\/uploads\/2022\/03\/heraklion2-300x300.png\" alt=\"\" width=\"300\" height=\"300\" srcset=\"https:\/\/mc-view.erasmus.site\/wp-content\/uploads\/2022\/03\/heraklion2.png 300w, https:\/\/mc-view.erasmus.site\/wp-content\/uploads\/2022\/03\/heraklion2-150x150.png 150w\" sizes=\"(max-width: 300px) 100vw, 300px\" \/><\/p>\n<h3 style=\"text-align: center;\">COMUNE DI HERAKLION \u2013 Heraklion, Grecia<\/h3>\n<p>Heraklion \u00e8 il capoluogo di Creta e una delle citt\u00e0 pi\u00f9 affascinanti e vibranti della regione mediterranea.\u00a0 La Chandax degli arabi e dei bizantini, la Candia dei veneziani, era uno dei principali porti e mercati dell&#8217;isola, e ai tempi una delle citt\u00e0 economicamente pi\u00f9 attive dell\u2019intera regione. Heraklion \u00e8 la quarta citt\u00e0 pi\u00f9 grande della Grecia. Secondo i risultati del censimento del 2011, la popolazione del Comune \u00e8 di 173.993 persone e si estende su una superficie di 684,3 km2 (264,2 sq mi).<\/p>\n<p>Il Comune di Heraklion d\u00e0 lavoro a 751 persone. Heraklion \u00e8 stata selezionata come una delle Comunit\u00e0 Smart21 del 2012, 2013 e 2014 dall\u2019Intelligent Community Forum e ha ricevuto l\u2019onorificenza europea e il secondo European Prize nel Dosta!-Congress Prize, \u00a0riconoscimento degli eccellenti sforzi e della validit\u00e0 del suo programma comunale per l&#8217;attuazione dei servizi sociali a favore dell&#8217;inclusione sociale e\u00a0 contro la discriminazione. Inoltre Heraklion \u00e8 stata nominata Best City Destination e Gold Award Winner nei Greek Travel Awards di Stoccolma, \u00e8 stata anche una delle vincitrici dell\u2019 UNESCO Learning Cities Award del 2019, con il suo programma &#8216;Fit for All&#8217;, attraverso il quale Heraklion ha trovato un modo innovativo e divertente per avvicinare i suoi cittadini e i rifugiati residenti in citt\u00e0, promuovendo l&#8217;equit\u00e0 e l&#8217;inclusione attraverso attivit\u00e0 sportive ed educative basate su temi come la cultura e la tradizione locale.<\/p>\n<p>Heraklion, In The Frames of Smart City &#8211; Per molti anni la citt\u00e0 di Heraklion ha sviluppato una strategia da Smart City per diventare pi\u00f9 competitiva a livello nazionale, mediterraneo ed europeo. Questa strategia si basa su alcuni punti chiave della competitivit\u00e0 tra cui:<\/p>\n<p>-la specializzazione dell&#8217;economia e della forza lavoro,<\/p>\n<p>-la definizione di obiettivi strategici e la loro gestione collettiva,<\/p>\n<p>-la cooperazione con le istituzioni educative e FORTH,<\/p>\n<p>-la qualit\u00e0 di vita nell&#8217;ambiente urbano,<\/p>\n<p>forti infrastrutture di trasporto e di telecomunicazione.<\/p>\n<p>Dopo un processo di valutazione, nel 2020 Heraklion \u00e8 stata inclusa nella lista del 100 Intelligent Cities Challenge Network. \u00c8 stata scelta per partecipare alla Challenge per i successivi 2 anni insieme a 90 concorrenti. Questo gruppo comprende 54 nuove iscritte ICC, 26 citt\u00e0 che partecipano all&#8217;iniziativa Digital Cities Challenge e 9 citt\u00e0 mentori dell&#8217;UE. Altre 9 citt\u00e0 internazionali sono state selezionate per completare la lista delle 100 citt\u00e0 che prenderanno parte al percorso ICC.<\/p>\n<p>Nel marzo 2011, il Comune di Heraklion ha firmato il Patto dei Sindaci, un&#8217;iniziativa ambiziosa per coinvolgere le autorit\u00e0 locali e i cittadini nel ridurre il consumo di energia, risparmiare risorse e migliorare la qualit\u00e0 della vita dei cittadini. Nel settembre del 2020, Heraklion ha presentato un piano d&#8217;azione aggiornato nell\u2019ambito del Patto dei Sindaci per il clima e l&#8217;energia in Europa. L\u2019ambizione del Comune di Heraklion \u00e8 di aprire la strada a un futuro sostenibile per tutti. Il programma del Comune prevede interventi in settori chiave come l&#8217;edilizia, i trasporti, i processi, l&#8217;illuminazione, ecc. Indicativamente, il piano prevede grandi ristrutturazioni di edifici pubblici (Piano di efficienza energetica degli edifici pubblici completato nel 2019), modernizzazione della flotta comunale e progetti di alleggerimento del traffico (Piano di trasporto urbano sostenibile, tbc nel 2021), progetti FER (Comunit\u00e0 energetica, tbc nel 2021). Adottando una proiezione conservativa dell\u2019evoluzione della popolazione, si stima che le azioni previste porteranno a una riduzione del 40,2% delle emissioni di CO2 pro capite entro il 2030.<\/p>\n<p>Nel campo dell&#8217;educazione, il Dipartimento competente del Comune svolge molte iniziative a tutti i livelli di istruzione, comprese quelle relative all&#8217;educazione degli adulti attraverso il Center of Lifelong Learning, su vari argomenti.<\/p>\n<p>La Direzione di Pianificazione Programmazione e ICT del Comune di Heraklion attraverso il Centro di Formazione del Dipartimento di Informatica, offre seminari di formazione sulle nuove tecnologie ai dipendenti del Comune e ai disoccupati, mentre la struttura di recente costituzione &#8220;Dimoskopio&#8221; mira a sostenere l&#8217;avvio di nuove imprese offrendo formazione per il loro sviluppo e sostenibilit\u00e0.<\/p>\n<p>Website: \u00a0<a href=\"https:\/\/www.heraklion.gr\/\" target=\"_blank\" rel=\"noopener\">www.heraklion.gr\/<\/a><\/p>\n<p><a href=\"https:\/\/smartcity.heraklion.gr\/el\/home\/\" target=\"_blank\" rel=\"noopener\">www.smartcity.heraklion.gr\/el\/home\/<\/a><\/p>","protected":false},"excerpt":{"rendered":"<p>Institute of Pedagogy University of Rzesz\u00f3w &#8211; Rzesz\u00f3w, Poland (Coordinator) L&#8217;Universit\u00e0 di Rzesz\u00f3w (UR) \u00e8 stata fondata nel 2001 attraverso la fusione dell&#8217;Universit\u00e0 Pedagogica di Rzeszow, l&#8217;Universit\u00e0 Maria Sk\u0142odowska Curie di Lublino, distaccamento di Rzesz\u00f3w, e la Facolt\u00e0 di Economia dell&#8217;Accademia Agricola di Cracovia, distaccamento di Rzesz\u00f3w.\u00a0 \u00c8 giovane, aperta e la variet\u00e0 \u00e8 uno&hellip;&nbsp;<\/p>\n","protected":false},"author":1,"featured_media":0,"parent":0,"menu_order":0,"comment_status":"closed","ping_status":"closed","template":"","meta":{"neve_meta_sidebar":"","neve_meta_container":"","neve_meta_enable_content_width":"off","neve_meta_content_width":100,"neve_meta_title_alignment":"","neve_meta_author_avatar":"","neve_post_elements_order":"","neve_meta_disable_header":"","neve_meta_disable_footer":"","neve_meta_disable_title":"","footnotes":""},"class_list":["post-113","page","type-page","status-publish","hentry"],"_links":{"self":[{"href":"https:\/\/mc-view.erasmus.site\/it\/wp-json\/wp\/v2\/pages\/113","targetHints":{"allow":["GET"]}}],"collection":[{"href":"https:\/\/mc-view.erasmus.site\/it\/wp-json\/wp\/v2\/pages"}],"about":[{"href":"https:\/\/mc-view.erasmus.site\/it\/wp-json\/wp\/v2\/types\/page"}],"author":[{"embeddable":true,"href":"https:\/\/mc-view.erasmus.site\/it\/wp-json\/wp\/v2\/users\/1"}],"replies":[{"embeddable":true,"href":"https:\/\/mc-view.erasmus.site\/it\/wp-json\/wp\/v2\/comments?post=113"}],"version-history":[{"count":17,"href":"https:\/\/mc-view.erasmus.site\/it\/wp-json\/wp\/v2\/pages\/113\/revisions"}],"predecessor-version":[{"id":271,"href":"https:\/\/mc-view.erasmus.site\/it\/wp-json\/wp\/v2\/pages\/113\/revisions\/271"}],"wp:attachment":[{"href":"https:\/\/mc-view.erasmus.site\/it\/wp-json\/wp\/v2\/media?parent=113"}],"curies":[{"name":"wp","href":"https:\/\/api.w.org\/{rel}","templated":true}]}}